{"id":1078,"date":"2021-11-27T02:09:38","date_gmt":"2021-11-27T02:09:38","guid":{"rendered":"https:\/\/cnj.cl\/colegio\/?page_id=1078"},"modified":"2025-11-16T00:34:21","modified_gmt":"2025-11-16T00:34:21","slug":"equipo-de-docentes-1er-ciclo","status":"publish","type":"page","link":"https:\/\/cnj.cl\/colegio\/organizacion\/equipo-de-docentes-1er-ciclo\/","title":{"rendered":"Equipo de Docentes 1er. Ciclo"},"content":{"rendered":"<div class=\"su-custom-gallery su-custom-gallery-title-always su-lightbox-gallery\"><div class=\"su-custom-gallery-slide\"><a href=\"https:\/\/cnj.cl\/colegio\/wp-content\/uploads\/2025\/11\/1.-Camila-Balmazabal-1oA-1.jpg\" title=\"1.-Camila Balmazabal- 1\u00baA\"><img loading=\"lazy\" decoding=\"async\" src=\"https:\/\/cnj.cl\/colegio\/wp-content\/uploads\/2025\/11\/1.-Camila-Balmazabal-1oA-1-300x240.jpg\" alt=\"1.-Camila Balmazabal- 1\u00baA\" width=\"300\" height=\"240\" \/><span class=\"su-custom-gallery-title\">1.-Camila Balmazabal- 1\u00baA<\/span><\/a><\/div><div class=\"su-custom-gallery-slide\"><a href=\"https:\/\/cnj.cl\/colegio\/wp-content\/uploads\/2025\/11\/2.-Rocio-Nunez-Riquelme-1oB-1.jpg\" title=\"2.-Roc\u00edo N\u00fa\u00f1ez Riquelme 1\u00baB\"><img loading=\"lazy\" decoding=\"async\" src=\"https:\/\/cnj.cl\/colegio\/wp-content\/uploads\/2025\/11\/2.-Rocio-Nunez-Riquelme-1oB-1-300x240.jpg\" alt=\"2.-Roc\u00edo N\u00fa\u00f1ez Riquelme 1\u00baB\" width=\"300\" height=\"240\" \/><span class=\"su-custom-gallery-title\">2.-Roc\u00edo N\u00fa\u00f1ez Riquelme 1\u00baB<\/span><\/a><\/div><div class=\"su-custom-gallery-slide\"><a href=\"https:\/\/cnj.cl\/colegio\/wp-content\/uploads\/2025\/11\/3.-Marta-Salgado-Alarcon-2oA-1.jpg\" title=\"3.-Marta Salgado Alarc\u00f3n 2\u00baA\"><img loading=\"lazy\" decoding=\"async\" src=\"https:\/\/cnj.cl\/colegio\/wp-content\/uploads\/2025\/11\/3.-Marta-Salgado-Alarcon-2oA-1-300x240.jpg\" alt=\"3.-Marta Salgado Alarc\u00f3n 2\u00baA\" width=\"300\" height=\"240\" \/><span class=\"su-custom-gallery-title\">3.-Marta Salgado Alarc\u00f3n 2\u00baA<\/span><\/a><\/div><div class=\"su-custom-gallery-slide\"><a href=\"https:\/\/cnj.cl\/colegio\/wp-content\/uploads\/2025\/11\/4.-Barbara-Delgado-Garcia-2oB-1.jpg\" title=\"4.-B\u00e1rbara Delgado Garc\u00eda 2\u00baB\"><img loading=\"lazy\" decoding=\"async\" src=\"https:\/\/cnj.cl\/colegio\/wp-content\/uploads\/2025\/11\/4.-Barbara-Delgado-Garcia-2oB-1-300x240.jpg\" alt=\"4.-B\u00e1rbara Delgado Garc\u00eda 2\u00baB\" width=\"300\" height=\"240\" \/><span class=\"su-custom-gallery-title\">4.-B\u00e1rbara Delgado Garc\u00eda 2\u00baB<\/span><\/a><\/div><div class=\"su-custom-gallery-slide\"><a href=\"https:\/\/cnj.cl\/colegio\/wp-content\/uploads\/2025\/11\/5.-Paula-Bastias-Quezada.-3oA-1.jpg\" title=\"5.- Paula Bast\u00edas Quezada. 3\u00baA\"><img loading=\"lazy\" decoding=\"async\" src=\"https:\/\/cnj.cl\/colegio\/wp-content\/uploads\/2025\/11\/5.-Paula-Bastias-Quezada.-3oA-1-300x240.jpg\" alt=\"5.- Paula Bast\u00edas Quezada. 3\u00baA\" width=\"300\" height=\"240\" \/><span class=\"su-custom-gallery-title\">5.- Paula Bast\u00edas Quezada. 3\u00baA<\/span><\/a><\/div><div class=\"su-custom-gallery-slide\"><a href=\"https:\/\/cnj.cl\/colegio\/wp-content\/uploads\/2025\/11\/6.-Mauricio-Arriadada-Fernandez-3oB-1.jpg\" title=\"6.- Mauricio Arriadada Fern\u00e1ndez 3\u00baB\"><img loading=\"lazy\" decoding=\"async\" src=\"https:\/\/cnj.cl\/colegio\/wp-content\/uploads\/2025\/11\/6.-Mauricio-Arriadada-Fernandez-3oB-1-300x240.jpg\" alt=\"6.- Mauricio Arriadada Fern\u00e1ndez 3\u00baB\" width=\"300\" height=\"240\" \/><span class=\"su-custom-gallery-title\">6.- Mauricio Arriadada Fern\u00e1ndez 3\u00baB<\/span><\/a><\/div><div class=\"su-custom-gallery-slide\"><a href=\"https:\/\/cnj.cl\/colegio\/wp-content\/uploads\/2025\/11\/7.-Lydia-Beltran-Manriquez-4oA-1.jpg\" title=\"7.-Lydia Beltr\u00e1n Manr\u00edquez 4\u00baA\"><img loading=\"lazy\" decoding=\"async\" src=\"https:\/\/cnj.cl\/colegio\/wp-content\/uploads\/2025\/11\/7.-Lydia-Beltran-Manriquez-4oA-1-300x240.jpg\" alt=\"7.-Lydia Beltr\u00e1n Manr\u00edquez 4\u00baA\" width=\"300\" height=\"240\" \/><span class=\"su-custom-gallery-title\">7.-Lydia Beltr\u00e1n Manr\u00edquez 4\u00baA<\/span><\/a><\/div><div class=\"su-custom-gallery-slide\"><a href=\"https:\/\/cnj.cl\/colegio\/wp-content\/uploads\/2025\/11\/8.-Maria-Mendoza-Conejeros-4oB-1.jpg\" title=\"8.-Mar\u00eda Mendoza Conejeros 4\u00baB\"><img loading=\"lazy\" decoding=\"async\" src=\"https:\/\/cnj.cl\/colegio\/wp-content\/uploads\/2025\/11\/8.-Maria-Mendoza-Conejeros-4oB-1-300x240.jpg\" alt=\"8.-Mar\u00eda Mendoza Conejeros 4\u00baB\" width=\"300\" height=\"240\" \/><span class=\"su-custom-gallery-title\">8.-Mar\u00eda Mendoza Conejeros 4\u00baB<\/span><\/a><\/div><div class=\"su-custom-gallery-slide\"><a href=\"https:\/\/cnj.cl\/colegio\/wp-content\/uploads\/2025\/11\/Roberto-Aedo-Flores-Ingles-1er-Ciclo-1.jpg\" title=\"Roberto Aedo Flores- Ingl\u00e9s 1er Ciclo\"><img loading=\"lazy\" decoding=\"async\" src=\"https:\/\/cnj.cl\/colegio\/wp-content\/uploads\/2025\/11\/Roberto-Aedo-Flores-Ingles-1er-Ciclo-1-300x240.jpg\" alt=\"Roberto Aedo Flores- Ingl\u00e9s 1er Ciclo\" width=\"300\" height=\"240\" \/><span class=\"su-custom-gallery-title\">Roberto Aedo Flores- Ingl\u00e9s 1er Ciclo<\/span><\/a><\/div><div class=\"su-clear\"><\/div><\/div>\n","protected":false},"excerpt":{"rendered":"","protected":false},"author":1,"featured_media":0,"parent":1066,"menu_order":0,"comment_status":"closed","ping_status":"closed","template":"","meta":{"footnotes":"","_links_to":"","_links_to_target":""},"class_list":["post-1078","page","type-page","status-publish","hentry"],"_links":{"self":[{"href":"https:\/\/cnj.cl\/colegio\/wp-json\/wp\/v2\/pages\/1078","targetHints":{"allow":["GET"]}}],"collection":[{"href":"https:\/\/cnj.cl\/colegio\/wp-json\/wp\/v2\/pages"}],"about":[{"href":"https:\/\/cnj.cl\/colegio\/wp-json\/wp\/v2\/types\/page"}],"author":[{"embeddable":true,"href":"https:\/\/cnj.cl\/colegio\/wp-json\/wp\/v2\/users\/1"}],"replies":[{"embeddable":true,"href":"https:\/\/cnj.cl\/colegio\/wp-json\/wp\/v2\/comments?post=1078"}],"version-history":[{"count":13,"href":"https:\/\/cnj.cl\/colegio\/wp-json\/wp\/v2\/pages\/1078\/revisions"}],"predecessor-version":[{"id":16176,"href":"https:\/\/cnj.cl\/colegio\/wp-json\/wp\/v2\/pages\/1078\/revisions\/16176"}],"up":[{"embeddable":true,"href":"https:\/\/cnj.cl\/colegio\/wp-json\/wp\/v2\/pages\/1066"}],"wp:attachment":[{"href":"https:\/\/cnj.cl\/colegio\/wp-json\/wp\/v2\/media?parent=1078"}],"curies":[{"name":"wp","href":"https:\/\/api.w.org\/{rel}","templated":true}]}}