{"id":1166,"date":"2021-11-27T03:21:22","date_gmt":"2021-11-27T03:21:22","guid":{"rendered":"https:\/\/cnj.cl\/colegio\/?page_id=1166"},"modified":"2021-12-12T14:55:28","modified_gmt":"2021-12-12T14:55:28","slug":"biografia-ana-maria-martel","status":"publish","type":"page","link":"https:\/\/cnj.cl\/colegio\/congregacion-hnas-del-nino-jesus\/biografia-ana-maria-martel\/","title":{"rendered":"Biograf\u00eda Ana Mar\u00eda Martel"},"content":{"rendered":"<p style=\"text-align: justify;\"><img loading=\"lazy\" decoding=\"async\" class=\"alignleft size-full wp-image-1383\" src=\"https:\/\/cnj.cl\/colegio\/wp-content\/uploads\/2021\/12\/2.-Ana-Maria-Martel-actualizada-768x975-2.jpg\" alt=\"\" width=\"300\" height=\"381\" srcset=\"https:\/\/cnj.cl\/colegio\/wp-content\/uploads\/2021\/12\/2.-Ana-Maria-Martel-actualizada-768x975-2.jpg 300w, https:\/\/cnj.cl\/colegio\/wp-content\/uploads\/2021\/12\/2.-Ana-Maria-Martel-actualizada-768x975-2-236x300.jpg 236w\" sizes=\"auto, (max-width: 300px) 100vw, 300px\" \/><strong>Ana Mar\u00eda Martel,<\/strong> naci\u00f3 un d\u00eda jueves 11 de agosto 1644, en la ciudad de Le Puy, en Francia. Su padre, don Claudio Martel era abogado procurador del Rey Luis XIV, y su madre era la Se\u00f1ora Mar\u00eda Cayes. Fue bautizada el 13 de agosto de 1644, en la Parroquia San Jorge. Hizo su Primera Comuni\u00f3n a los 10 a\u00f1os. Cuando ten\u00eda 21 a\u00f1os de edad, el Padre Tronson (su confesor) le pidi\u00f3 visitar a las mujeres enfermas del hospital de un pueblito al lado de Le Puy, llamado Aiguilhe. Era un hospital de enfermos pobres y como toda la gente sencilla de la \u00e9poca, no ten\u00edan formaci\u00f3n religiosa. Ah\u00ed Ana Mar\u00eda empez\u00f3 su obra de \u201cInstrucci\u00f3n Cristiana\u201d haciendo descubrir a esas mujeres qui\u00e9n es Dios. Poco tiempo despu\u00e9s el Padre Tronson pidi\u00f3 a Ana Mar\u00eda de ir con una compa\u00f1era a ense\u00f1ar catecismo a los ni\u00f1os y a los j\u00f3venes del barrio marginal de la ciudad de San Lorenzo.<\/p>\n<p style=\"text-align: justify;\">Este trabajo apost\u00f3lico era cada vez m\u00e1s importante y se fueron integrando m\u00e1s j\u00f3venes que sent\u00edan a los pobres. Es as\u00ed que dejando a una de sus compa\u00f1eras en esta misi\u00f3n ella se traslad\u00f3 al barrio de San Juan en donde viv\u00edan un gran n\u00famero de obreras de la puntilla, (trabajo hecho a mano con husos). Muchas j\u00f3venes del campo llegaban a Le Puy, esperando sacar en la ciudad, mejor provecho con su trabajo. Pero como ocurre a menudo, eran explotadas por los comerciantes de la puntilla que no les pagaban el precio que correspond\u00eda. Por otro lado estas muchachas, con condiciones de vida tan dif\u00edciles, eran muy frecuentemente, v\u00edctimas de la prostituci\u00f3n.<\/p>\n<p style=\"text-align: justify;\">Conscientes de las dificultades de estas j\u00f3venes, Ana Mar\u00eda y sus compa\u00f1eras trataron no s\u00f3lo de ense\u00f1arles lo esencial de la fe cristiana, sino tambi\u00e9n de proponerles una verdadera organizaci\u00f3n de trabajo y de vida. Les ayudaron a vivir con dignidad, a hacerse respetar; iba con ellas a vender el fruto de su trabajo, tratando de sacar el precio justo.<\/p>\n<p style=\"text-align: justify;\">La intensa labor apost\u00f3lica; su organizaci\u00f3n; las largas caminatas por las calles de la ciudad y los caminos del campo, dejaron a Ana Mar\u00eda agotada y enferma, puesto que ten\u00eda una salud bastante fr\u00e1gil. Muri\u00f3 en su misma ciudad natal, el 15 de enero de 1673, a la edad de 28 a\u00f1os. Dejando as\u00ed, una gran obra que sus compa\u00f1eras continuar\u00edan. Ella fue una mujer contemplativa y apost\u00f3lica<\/p>\n","protected":false},"excerpt":{"rendered":"<p>Ana Mar\u00eda Martel, naci\u00f3 un d\u00eda jueves 11 de agosto 1644, en la ciudad de Le Puy, en Francia. Su padre, don Claudio Martel era abogado procurador del Rey Luis XIV, y su madre era la Se\u00f1ora Mar\u00eda Cayes. Fue bautizada el 13 de agosto de 1644, en la Parroquia San Jorge. Hizo su Primera Comuni\u00f3n a los 10 a\u00f1os. Cuando ten\u00eda 21 a\u00f1os de edad, el Padre Tronson (su confesor) le pidi\u00f3 visitar a las mujeres enfermas del hospital de un pueblito al lado de Le Puy, llamado Aiguilhe. Era un hospital de enfermos pobres y como toda la gente sencilla de la \u00e9poca, no ten\u00edan formaci\u00f3n religiosa. Ah\u00ed Ana Mar\u00eda empez\u00f3 su obra de \u201cInstrucci\u00f3n Cristiana\u201d haciendo descubrir a esas mujeres qui\u00e9n es Dios. Poco tiempo despu\u00e9s el Padre Tronson pidi\u00f3 a Ana Mar\u00eda de ir con una compa\u00f1era a ense\u00f1ar catecismo a los ni\u00f1os y a los j\u00f3venes del barrio marginal de la ciudad de San Lorenzo. Este trabajo apost\u00f3lico era cada vez m\u00e1s importante y se fueron integrando m\u00e1s j\u00f3venes que sent\u00edan a los pobres. Es as\u00ed que dejando a una de sus compa\u00f1eras en esta misi\u00f3n ella se traslad\u00f3 al barrio de San Juan en&#8230;.<\/p>\n","protected":false},"author":1,"featured_media":0,"parent":1127,"menu_order":0,"comment_status":"closed","ping_status":"closed","template":"","meta":{"footnotes":"","_links_to":"","_links_to_target":""},"class_list":["post-1166","page","type-page","status-publish","hentry"],"_links":{"self":[{"href":"https:\/\/cnj.cl\/colegio\/wp-json\/wp\/v2\/pages\/1166","targetHints":{"allow":["GET"]}}],"collection":[{"href":"https:\/\/cnj.cl\/colegio\/wp-json\/wp\/v2\/pages"}],"about":[{"href":"https:\/\/cnj.cl\/colegio\/wp-json\/wp\/v2\/types\/page"}],"author":[{"embeddable":true,"href":"https:\/\/cnj.cl\/colegio\/wp-json\/wp\/v2\/users\/1"}],"replies":[{"embeddable":true,"href":"https:\/\/cnj.cl\/colegio\/wp-json\/wp\/v2\/comments?post=1166"}],"version-history":[{"count":3,"href":"https:\/\/cnj.cl\/colegio\/wp-json\/wp\/v2\/pages\/1166\/revisions"}],"predecessor-version":[{"id":1385,"href":"https:\/\/cnj.cl\/colegio\/wp-json\/wp\/v2\/pages\/1166\/revisions\/1385"}],"up":[{"embeddable":true,"href":"https:\/\/cnj.cl\/colegio\/wp-json\/wp\/v2\/pages\/1127"}],"wp:attachment":[{"href":"https:\/\/cnj.cl\/colegio\/wp-json\/wp\/v2\/media?parent=1166"}],"curies":[{"name":"wp","href":"https:\/\/api.w.org\/{rel}","templated":true}]}}