{"id":1171,"date":"2021-11-27T03:23:01","date_gmt":"2021-11-27T03:23:01","guid":{"rendered":"https:\/\/cnj.cl\/colegio\/?page_id=1171"},"modified":"2022-07-19T13:51:01","modified_gmt":"2022-07-19T13:51:01","slug":"oraciones","status":"publish","type":"page","link":"https:\/\/cnj.cl\/colegio\/congregacion-hnas-del-nino-jesus\/oraciones\/","title":{"rendered":"Oraciones"},"content":{"rendered":"\r\n<div class=\"wp-block-image\">\r\n<figure class=\"aligncenter\"><img loading=\"lazy\" decoding=\"async\" class=\"aligncenter size-full wp-image-3160\" src=\"https:\/\/cnj.cl\/colegio\/wp-content\/uploads\/2022\/07\/ORACION-BEA.png\" alt=\"\" width=\"787\" height=\"538\" srcset=\"https:\/\/cnj.cl\/colegio\/wp-content\/uploads\/2022\/07\/ORACION-BEA.png 787w, https:\/\/cnj.cl\/colegio\/wp-content\/uploads\/2022\/07\/ORACION-BEA-300x205.png 300w, https:\/\/cnj.cl\/colegio\/wp-content\/uploads\/2022\/07\/ORACION-BEA-768x525.png 768w\" sizes=\"auto, (max-width: 787px) 100vw, 787px\" \/><img decoding=\"async\" class=\"wp-image-2374\" src=\"https:\/\/cnj.cl\/wp-content\/uploads\/2019\/08\/6.-Educaci\u00f3n.jpg\" alt=\"\" \/><\/figure>\r\n<\/div>\r\n\r\n\r\n\r\n<p class=\"has-text-align-right\">\u00a0<\/p>\r\n\r\n\r\n\r\n<h4 style=\"color: black; text-align: center;\">Ana Mar\u00eda Martel:<br \/>coraz\u00f3n de joven so\u00f1adora,<br \/>valiente mujer de esperanza<br \/>ejemplo de fe sencilla,<br \/>amor encarnado en la historia <br \/>testimonio cercano de acogida.<br \/><br \/>Tu ejemplo y tu obra<br \/>ha cruzado mares y continentes,<br \/>en nuestra Latinoam\u00e9ica morena<br \/>la familia del Ni\u00f1o Jes\u00fas sigue presente.<br \/><br \/>Ana Mar\u00eda Martel , <br \/>Coraz\u00f3n de mujer orante,<br \/>tu plegaria silente<br \/>se transforma en fuego de amor ardiente.<br \/><br \/>Ay\u00fadanos a seguir tus huellas,<br \/>para recorrer caminos a\u00fan no conocidos,<br \/>an\u00edmanos a romper las fronteras de la exclusi\u00f3n<br \/>para abrazar al que peregrina en el olvido. <br \/><br \/>Ac\u00e9rcanos a Jes\u00fas<br \/>para contemplar su coraz\u00f3n,<br \/>que nuestra vida se haga servicio y entrega,<br \/>amor encarnado, amor, solo amor.<br \/><br \/>Hoy damos gracias por tu vida,<br \/>por el compromiso con la misi\u00f3n y la formaci\u00f3n,<br \/>desde la diversidad queremos ser un solo cuerpo,<br \/>para continuar con tu legado, fundado en el Se\u00f1or.<br \/><br \/>Ana Mar\u00eda Martel,<br \/>mujer sembradora de esperanza,<br \/>renueva el coraz\u00f3n de tus hijos<br \/>en el evangelio de la nueva alianza. <br \/><br \/>Am\u00e9n<\/h4>\r\n<p style=\"text-align: center;\"><em><strong>\u00d3scar B\u00f3rquez L\u00f3pez<\/strong><\/em><\/p>\r\n<p style=\"text-align: center;\">Director- Colegio Ni\u00f1o Jes\u00fas &#8211; Lota<\/p>\r\n\r\n\r\n\r\n<p><em>Colegio Ni\u00f1o Jes\u00fas, Lota\u00a0 &#8211; Chile.-<\/em><\/p>\r\n\r\n\r\n\r\n<div class=\"wp-block-image\">\r\n<figure class=\"alignright is-resized\"><img loading=\"lazy\" decoding=\"async\" class=\"wp-image-1231\" src=\"https:\/\/cnj.cl\/wp-content\/uploads\/2019\/05\/100hnjcolor-1024x711.jpg\" alt=\"\" width=\"202\" height=\"141\" \/><\/figure>\r\n<\/div>\r\n\r\n<p><!--EndFragment--><\/p>","protected":false},"excerpt":{"rendered":"<p>\u00a0 Ana Mar\u00eda Martel:coraz\u00f3n de joven so\u00f1adora,valiente mujer de esperanzaejemplo de fe sencilla,amor encarnado en la historia testimonio cercano de acogida. Tu ejemplo y tu obraha cruzado mares y continentes,en nuestra Latinoam\u00e9ica morenala familia del Ni\u00f1o Jes\u00fas sigue presente. Ana Mar\u00eda Martel , Coraz\u00f3n de mujer orante,tu plegaria silentese transforma en fuego de amor ardiente. Ay\u00fadanos a seguir tus huellas,para recorrer caminos a\u00fan no conocidos,an\u00edmanos a romper las fronteras de la exclusi\u00f3npara abrazar al que peregrina en el olvido. Ac\u00e9rcanos a Jes\u00faspara contemplar su coraz\u00f3n,que nuestra vida se haga servicio y entrega,amor encarnado, amor, solo amor. Hoy damos gracias por tu vida,por el compromiso con la misi\u00f3n y la formaci\u00f3n,desde la diversidad queremos ser un solo cuerpo,para continuar con tu legado, fundado en el Se\u00f1or. Ana Mar\u00eda Martel,mujer sembradora de esperanza,renueva el coraz\u00f3n de tus hijosen el evangelio de la nueva alianza. Am\u00e9n \u00d3scar B\u00f3rquez L\u00f3pez Director- Colegio Ni\u00f1o Jes\u00fas &#8211; Lota Colegio Ni\u00f1o Jes\u00fas, Lota\u00a0 &#8211; Chile.-<\/p>\n","protected":false},"author":1,"featured_media":0,"parent":1127,"menu_order":0,"comment_status":"closed","ping_status":"closed","template":"","meta":{"footnotes":"","_links_to":"","_links_to_target":""},"class_list":["post-1171","page","type-page","status-publish","hentry"],"_links":{"self":[{"href":"https:\/\/cnj.cl\/colegio\/wp-json\/wp\/v2\/pages\/1171","targetHints":{"allow":["GET"]}}],"collection":[{"href":"https:\/\/cnj.cl\/colegio\/wp-json\/wp\/v2\/pages"}],"about":[{"href":"https:\/\/cnj.cl\/colegio\/wp-json\/wp\/v2\/types\/page"}],"author":[{"embeddable":true,"href":"https:\/\/cnj.cl\/colegio\/wp-json\/wp\/v2\/users\/1"}],"replies":[{"embeddable":true,"href":"https:\/\/cnj.cl\/colegio\/wp-json\/wp\/v2\/comments?post=1171"}],"version-history":[{"count":6,"href":"https:\/\/cnj.cl\/colegio\/wp-json\/wp\/v2\/pages\/1171\/revisions"}],"predecessor-version":[{"id":3223,"href":"https:\/\/cnj.cl\/colegio\/wp-json\/wp\/v2\/pages\/1171\/revisions\/3223"}],"up":[{"embeddable":true,"href":"https:\/\/cnj.cl\/colegio\/wp-json\/wp\/v2\/pages\/1127"}],"wp:attachment":[{"href":"https:\/\/cnj.cl\/colegio\/wp-json\/wp\/v2\/media?parent=1171"}],"curies":[{"name":"wp","href":"https:\/\/api.w.org\/{rel}","templated":true}]}}