{"id":1246,"date":"2021-12-06T22:59:41","date_gmt":"2021-12-06T22:59:41","guid":{"rendered":"https:\/\/cnj.cl\/colegio\/?page_id=1246"},"modified":"2025-12-03T15:33:41","modified_gmt":"2025-12-03T15:33:41","slug":"portada","status":"publish","type":"page","link":"https:\/\/cnj.cl\/colegio\/","title":{"rendered":"PORTADA"},"content":{"rendered":"<div class=\"su-image-carousel  su-image-carousel-columns-3 su-image-carousel-has-spacing su-image-carousel-crop su-image-carousel-crop-4-3 su-image-carousel-has-outline su-image-carousel-adaptive su-image-carousel-slides-style-photo su-image-carousel-controls-style-dark su-image-carousel-align-none\" style=\"\" data-flickity-options='{\"groupCells\":true,\"cellSelector\":\".su-image-carousel-item\",\"adaptiveHeight\":false,\"cellAlign\":\"left\",\"prevNextButtons\":true,\"pageDots\":true,\"autoPlay\":6000,\"imagesLoaded\":true,\"contain\":true,\"selectedAttraction\":0.025,\"friction\":0.28}' id=\"su_image_carousel_69e4df21cf5fc\"><div class=\"su-image-carousel-item\"><div class=\"su-image-carousel-item-content\"><a href=\"https:\/\/cnj.cl\/colegio\/2026\/01\/15\/nuevo-aniversario-de-la-pascua-de-ana-maria-martel\/\" data-caption=\"Nuevo aniversario de la \u201cPascua de Ana Mar\u00eda Martel\u201d.\"><img loading=\"lazy\" decoding=\"async\" width=\"232\" height=\"300\" src=\"https:\/\/cnj.cl\/colegio\/wp-content\/uploads\/2026\/01\/AMM-232x300.jpg\" class=\"\" alt=\"\" srcset=\"https:\/\/cnj.cl\/colegio\/wp-content\/uploads\/2026\/01\/AMM-232x300.jpg 232w, https:\/\/cnj.cl\/colegio\/wp-content\/uploads\/2026\/01\/AMM.jpg 406w\" sizes=\"auto, (max-width: 232px) 100vw, 232px\" \/><span>Nuevo aniversario de la \u201cPascua de Ana Mar\u00eda Martel\u201d.<\/span><\/a><\/div><\/div><div class=\"su-image-carousel-item\"><div class=\"su-image-carousel-item-content\"><a href=\"https:\/\/cnj.cl\/colegio\/2025\/12\/27\/comunidad-del-colegio-nino-jesus-de-lota-vive-profunda-jornada-pastoral-de-cara-al-2026\/\" data-caption=\"Comunidad del Colegio Ni\u00f1o Jes\u00fas de Lota vive profunda Jornada Pastoral de cara al 2026\"><img loading=\"lazy\" decoding=\"async\" width=\"300\" height=\"169\" src=\"https:\/\/cnj.cl\/colegio\/wp-content\/uploads\/2025\/12\/IMG-20251223-WA0062-300x169.jpg\" class=\"\" alt=\"\" srcset=\"https:\/\/cnj.cl\/colegio\/wp-content\/uploads\/2025\/12\/IMG-20251223-WA0062-300x169.jpg 300w, https:\/\/cnj.cl\/colegio\/wp-content\/uploads\/2025\/12\/IMG-20251223-WA0062-768x432.jpg 768w, https:\/\/cnj.cl\/colegio\/wp-content\/uploads\/2025\/12\/IMG-20251223-WA0062-770x433.jpg 770w, https:\/\/cnj.cl\/colegio\/wp-content\/uploads\/2025\/12\/IMG-20251223-WA0062-243x137.jpg 243w, https:\/\/cnj.cl\/colegio\/wp-content\/uploads\/2025\/12\/IMG-20251223-WA0062-171x96.jpg 171w, https:\/\/cnj.cl\/colegio\/wp-content\/uploads\/2025\/12\/IMG-20251223-WA0062.jpg 800w\" sizes=\"auto, (max-width: 300px) 100vw, 300px\" \/><span>Comunidad del Colegio Ni\u00f1o Jes\u00fas de Lota vive profunda Jornada Pastoral de cara al 2026<\/span><\/a><\/div><\/div><div class=\"su-image-carousel-item\"><div class=\"su-image-carousel-item-content\"><a href=\"https:\/\/cnj.cl\/colegio\/2025\/12\/22\/colegio-nino-jesus-de-lota-celebra-su-gala-artistica-2025\/\" data-caption=\"COLEGIO NI\u00d1O JES\u00daS DE LOTA CELEBRA SU GALA ART\u00cdSTICA 2025.\"><img loading=\"lazy\" decoding=\"async\" width=\"300\" height=\"225\" src=\"https:\/\/cnj.cl\/colegio\/wp-content\/uploads\/2025\/12\/IMG-20251218-WA0107-300x225.jpg\" class=\"\" alt=\"\" srcset=\"https:\/\/cnj.cl\/colegio\/wp-content\/uploads\/2025\/12\/IMG-20251218-WA0107-300x225.jpg 300w, https:\/\/cnj.cl\/colegio\/wp-content\/uploads\/2025\/12\/IMG-20251218-WA0107-768x576.jpg 768w, https:\/\/cnj.cl\/colegio\/wp-content\/uploads\/2025\/12\/IMG-20251218-WA0107.jpg 800w, https:\/\/cnj.cl\/colegio\/wp-content\/uploads\/2025\/12\/IMG-20251218-WA0107-340x255.jpg 340w, https:\/\/cnj.cl\/colegio\/wp-content\/uploads\/2025\/12\/IMG-20251218-WA0107-250x188.jpg 250w\" sizes=\"auto, (max-width: 300px) 100vw, 300px\" \/><span>COLEGIO NI\u00d1O JES\u00daS DE LOTA CELEBRA SU GALA ART\u00cdSTICA 2025.<\/span><\/a><\/div><\/div><div class=\"su-image-carousel-item\"><div class=\"su-image-carousel-item-content\"><a href=\"https:\/\/cnj.cl\/colegio\/2025\/12\/20\/comunidad-educativa-del-colegio-nino-jesus-celebra-la-solemne-ceremonia-de-transicion-de-kinder-2025\/\" data-caption=\"COMUNIDAD EDUCATIVA DEL COLEGIO NI\u00d1O JES\u00daS CELEBRA LA SOLEMNE CEREMONIA DE TRANSICI\u00d3N DE K\u00cdNDER 2025\"><img loading=\"lazy\" decoding=\"async\" width=\"300\" height=\"208\" src=\"https:\/\/cnj.cl\/colegio\/wp-content\/uploads\/2025\/12\/DSC_0142-300x208.jpg\" class=\"\" alt=\"\" srcset=\"https:\/\/cnj.cl\/colegio\/wp-content\/uploads\/2025\/12\/DSC_0142-300x208.jpg 300w, https:\/\/cnj.cl\/colegio\/wp-content\/uploads\/2025\/12\/DSC_0142-768x533.jpg 768w, https:\/\/cnj.cl\/colegio\/wp-content\/uploads\/2025\/12\/DSC_0142.jpg 800w\" sizes=\"auto, (max-width: 300px) 100vw, 300px\" \/><span>COMUNIDAD EDUCATIVA DEL COLEGIO NI\u00d1O JES\u00daS CELEBRA LA SOLEMNE CEREMONIA DE TRANSICI\u00d3N DE K\u00cdNDER 2025<\/span><\/a><\/div><\/div><div class=\"su-image-carousel-item\"><div class=\"su-image-carousel-item-content\"><a href=\"https:\/\/cnj.cl\/colegio\/2025\/12\/20\/licenciatura-octavos-anos-2025-17-diciembre-2025-serviremos-manana-en-la-via-al-hogar-a-la-patria-y-a-dios\/\" data-caption=\"LICENCIATURA OCTAVOS A\u00d1OS 2025 17 DICIEMBRE 2025 \u201cSERVIREMOS MA\u00d1ANA EN LA VIDA, AL HOGAR, A LA PATRIA Y A DIOS\u201d\"><img loading=\"lazy\" decoding=\"async\" width=\"300\" height=\"180\" src=\"https:\/\/cnj.cl\/colegio\/wp-content\/uploads\/2025\/12\/6-3-300x180.jpg\" class=\"\" alt=\"\" srcset=\"https:\/\/cnj.cl\/colegio\/wp-content\/uploads\/2025\/12\/6-3-300x180.jpg 300w, https:\/\/cnj.cl\/colegio\/wp-content\/uploads\/2025\/12\/6-3.jpg 744w\" sizes=\"auto, (max-width: 300px) 100vw, 300px\" \/><span>LICENCIATURA OCTAVOS A\u00d1OS 2025 17 DICIEMBRE 2025 \u201cSERVIREMOS MA\u00d1ANA EN LA VIDA, AL HOGAR, A LA PATRIA Y A DIOS\u201d<\/span><\/a><\/div><\/div><div class=\"su-image-carousel-item\"><div class=\"su-image-carousel-item-content\"><a href=\"https:\/\/cnj.cl\/colegio\/2025\/12\/19\/salida-pedagogica-pie-segundo-ciclo-colegio-nino-jesus-11-diciembre-2025\/\" data-caption=\"SALIDA PEDAG\u00d3GICA PIE SEGUNDO CICLO COLEGIO NI\u00d1O JES\u00daS 11 DICIEMBRE 2025\"><img loading=\"lazy\" decoding=\"async\" width=\"182\" height=\"300\" src=\"https:\/\/cnj.cl\/colegio\/wp-content\/uploads\/2025\/12\/5-3-182x300.jpg\" class=\"\" alt=\"\" srcset=\"https:\/\/cnj.cl\/colegio\/wp-content\/uploads\/2025\/12\/5-3-182x300.jpg 182w, https:\/\/cnj.cl\/colegio\/wp-content\/uploads\/2025\/12\/5-3.jpg 401w\" sizes=\"auto, (max-width: 182px) 100vw, 182px\" \/><span>SALIDA PEDAG\u00d3GICA PIE SEGUNDO CICLO COLEGIO NI\u00d1O JES\u00daS 11 DICIEMBRE 2025<\/span><\/a><\/div><\/div><div class=\"su-image-carousel-item\"><div class=\"su-image-carousel-item-content\"><a href=\"https:\/\/cnj.cl\/colegio\/2025\/12\/18\/saludo-de-navidad\/\" data-caption=\"SALUDO DE NAVIDAD\"><img loading=\"lazy\" decoding=\"async\" width=\"300\" height=\"213\" src=\"https:\/\/cnj.cl\/colegio\/wp-content\/uploads\/2025\/12\/Saludo-de-Navidad-Comunidad-Educativa-CNJ-300x213.jpg\" class=\"\" alt=\"\" srcset=\"https:\/\/cnj.cl\/colegio\/wp-content\/uploads\/2025\/12\/Saludo-de-Navidad-Comunidad-Educativa-CNJ-300x213.jpg 300w, https:\/\/cnj.cl\/colegio\/wp-content\/uploads\/2025\/12\/Saludo-de-Navidad-Comunidad-Educativa-CNJ-1024x726.jpg 1024w, https:\/\/cnj.cl\/colegio\/wp-content\/uploads\/2025\/12\/Saludo-de-Navidad-Comunidad-Educativa-CNJ-768x545.jpg 768w, https:\/\/cnj.cl\/colegio\/wp-content\/uploads\/2025\/12\/Saludo-de-Navidad-Comunidad-Educativa-CNJ-1536x1090.jpg 1536w, https:\/\/cnj.cl\/colegio\/wp-content\/uploads\/2025\/12\/Saludo-de-Navidad-Comunidad-Educativa-CNJ.jpg 1748w\" sizes=\"auto, (max-width: 300px) 100vw, 300px\" \/><span>SALUDO DE NAVIDAD<\/span><\/a><\/div><\/div><div class=\"su-image-carousel-item\"><div class=\"su-image-carousel-item-content\"><a href=\"https:\/\/cnj.cl\/colegio\/2025\/12\/17\/pastoral-solidaria-proyecta-sus-desafios-para-el-2026-en-jornada-de-evaluacion-en-patagual\/\" data-caption=\"Pastoral Solidaria proyecta sus desaf\u00edos para el 2026 en jornada de evaluaci\u00f3n en Patagual.\"><img loading=\"lazy\" decoding=\"async\" width=\"300\" height=\"169\" src=\"https:\/\/cnj.cl\/colegio\/wp-content\/uploads\/2025\/12\/PHOTO-2025-12-17-18-43-28-300x169.jpg\" class=\"\" alt=\"\" srcset=\"https:\/\/cnj.cl\/colegio\/wp-content\/uploads\/2025\/12\/PHOTO-2025-12-17-18-43-28-300x169.jpg 300w, https:\/\/cnj.cl\/colegio\/wp-content\/uploads\/2025\/12\/PHOTO-2025-12-17-18-43-28-1024x576.jpg 1024w, https:\/\/cnj.cl\/colegio\/wp-content\/uploads\/2025\/12\/PHOTO-2025-12-17-18-43-28-768x432.jpg 768w, https:\/\/cnj.cl\/colegio\/wp-content\/uploads\/2025\/12\/PHOTO-2025-12-17-18-43-28-1062x596.jpg 1062w, https:\/\/cnj.cl\/colegio\/wp-content\/uploads\/2025\/12\/PHOTO-2025-12-17-18-43-28-770x433.jpg 770w, https:\/\/cnj.cl\/colegio\/wp-content\/uploads\/2025\/12\/PHOTO-2025-12-17-18-43-28-243x137.jpg 243w, https:\/\/cnj.cl\/colegio\/wp-content\/uploads\/2025\/12\/PHOTO-2025-12-17-18-43-28-171x96.jpg 171w, https:\/\/cnj.cl\/colegio\/wp-content\/uploads\/2025\/12\/PHOTO-2025-12-17-18-43-28.jpg 1280w\" sizes=\"auto, (max-width: 300px) 100vw, 300px\" \/><span>Pastoral Solidaria proyecta sus desaf\u00edos para el 2026 en jornada de evaluaci\u00f3n en Patagual.<\/span><\/a><\/div><\/div><div class=\"su-image-carousel-item\"><div class=\"su-image-carousel-item-content\"><a href=\"https:\/\/cnj.cl\/colegio\/2025\/12\/15\/bajo-el-cielo-de-vicuna-exploramos-la-poesia-y-la-tierra-de-nuestra-gabriela\/\" data-caption=\"BAJO EL CIELO DE VICU\u00d1A: EXPLORAMOS LA POES\u00cdA Y LA TIERRA DE NUESTRA GABRIELA\"><img loading=\"lazy\" decoding=\"async\" width=\"300\" height=\"214\" src=\"https:\/\/cnj.cl\/colegio\/wp-content\/uploads\/2025\/12\/42-1-300x214.jpg\" class=\"\" alt=\"\" srcset=\"https:\/\/cnj.cl\/colegio\/wp-content\/uploads\/2025\/12\/42-1-300x214.jpg 300w, https:\/\/cnj.cl\/colegio\/wp-content\/uploads\/2025\/12\/42-1-768x547.jpg 768w, https:\/\/cnj.cl\/colegio\/wp-content\/uploads\/2025\/12\/42-1.jpg 800w\" sizes=\"auto, (max-width: 300px) 100vw, 300px\" \/><span>BAJO EL CIELO DE VICU\u00d1A: EXPLORAMOS LA POES\u00cdA Y LA TIERRA DE NUESTRA GABRIELA<\/span><\/a><\/div><\/div><div class=\"su-image-carousel-item\"><div class=\"su-image-carousel-item-content\"><a href=\"https:\/\/cnj.cl\/colegio\/2025\/12\/15\/quintos-basicos-del-colegio-cambian-las-aulas-por-la-costa-y-recogen-mas-de-cien-kilos-de-basura-en-lota-noviembre-2025\/\" data-caption=\"QUINTOS B\u00c1SICOS DEL COLEGIO CAMBIAN LAS AULAS POR LA COSTA Y RECOGEN M\u00c1S DE CIEN KILOS DE BASURA EN LOTA. &#8211;  NOVIEMBRE 2025\"><img loading=\"lazy\" decoding=\"async\" width=\"300\" height=\"225\" src=\"https:\/\/cnj.cl\/colegio\/wp-content\/uploads\/2025\/12\/LIMPIEZA-PLAYA-PA\u0301G.-WEB21-300x225.jpg\" class=\"\" alt=\"\" srcset=\"https:\/\/cnj.cl\/colegio\/wp-content\/uploads\/2025\/12\/LIMPIEZA-PLAYA-PA\u0301G.-WEB21-300x225.jpg 300w, https:\/\/cnj.cl\/colegio\/wp-content\/uploads\/2025\/12\/LIMPIEZA-PLAYA-PA\u0301G.-WEB21-768x576.jpg 768w, https:\/\/cnj.cl\/colegio\/wp-content\/uploads\/2025\/12\/LIMPIEZA-PLAYA-PA\u0301G.-WEB21.jpg 800w, https:\/\/cnj.cl\/colegio\/wp-content\/uploads\/2025\/12\/LIMPIEZA-PLAYA-PA\u0301G.-WEB21-340x255.jpg 340w, https:\/\/cnj.cl\/colegio\/wp-content\/uploads\/2025\/12\/LIMPIEZA-PLAYA-PA\u0301G.-WEB21-250x188.jpg 250w\" sizes=\"auto, (max-width: 300px) 100vw, 300px\" \/><span>QUINTOS B\u00c1SICOS DEL COLEGIO CAMBIAN LAS AULAS POR LA COSTA Y RECOGEN M\u00c1S DE CIEN KILOS DE BASURA EN LOTA. &#8211;  NOVIEMBRE 2025<\/span><\/a><\/div><\/div><div class=\"su-image-carousel-item\"><div class=\"su-image-carousel-item-content\"><a href=\"https:\/\/cnj.cl\/colegio\/2025\/12\/13\/yo-opino-es-mi-derecho-fomentando-la-participacion-ciudadana-temprana-noviembre-2025\/\" data-caption=\"\u201cYo Opino, es mi Derecho\u201d: Fomentando la Participaci\u00f3n Ciudadana Temprana. &#8211;  Noviembre 2025\"><img loading=\"lazy\" decoding=\"async\" width=\"300\" height=\"171\" src=\"https:\/\/cnj.cl\/colegio\/wp-content\/uploads\/2025\/12\/IMG-20251211-WA0204-300x171.jpg\" class=\"\" alt=\"\" srcset=\"https:\/\/cnj.cl\/colegio\/wp-content\/uploads\/2025\/12\/IMG-20251211-WA0204-300x171.jpg 300w, https:\/\/cnj.cl\/colegio\/wp-content\/uploads\/2025\/12\/IMG-20251211-WA0204-768x439.jpg 768w, https:\/\/cnj.cl\/colegio\/wp-content\/uploads\/2025\/12\/IMG-20251211-WA0204-171x96.jpg 171w, https:\/\/cnj.cl\/colegio\/wp-content\/uploads\/2025\/12\/IMG-20251211-WA0204.jpg 800w\" sizes=\"auto, (max-width: 300px) 100vw, 300px\" \/><span>\u201cYo Opino, es mi Derecho\u201d: Fomentando la Participaci\u00f3n Ciudadana Temprana. &#8211;  Noviembre 2025<\/span><\/a><\/div><\/div><div class=\"su-image-carousel-item\"><div class=\"su-image-carousel-item-content\"><a href=\"https:\/\/cnj.cl\/colegio\/2025\/12\/13\/pintemos-con-la-fe-dibujemos-a-la-virgen-maria-noviembre-diciembre-2025\/\" data-caption=\"\u201cPINTEMOS CON LA FE, DIBUJEMOS A LA VIRGEN MAR\u00cdA\u201d  NOVIEMBRE  \u2013 DICIEMBRE 2025\"><img loading=\"lazy\" decoding=\"async\" width=\"300\" height=\"187\" src=\"https:\/\/cnj.cl\/colegio\/wp-content\/uploads\/2025\/12\/IMG-20251211-WA0116-300x187.jpg\" class=\"\" alt=\"\" srcset=\"https:\/\/cnj.cl\/colegio\/wp-content\/uploads\/2025\/12\/IMG-20251211-WA0116-300x187.jpg 300w, https:\/\/cnj.cl\/colegio\/wp-content\/uploads\/2025\/12\/IMG-20251211-WA0116-768x479.jpg 768w, https:\/\/cnj.cl\/colegio\/wp-content\/uploads\/2025\/12\/IMG-20251211-WA0116.jpg 800w\" sizes=\"auto, (max-width: 300px) 100vw, 300px\" \/><span>\u201cPINTEMOS CON LA FE, DIBUJEMOS A LA VIRGEN MAR\u00cdA\u201d  NOVIEMBRE  \u2013 DICIEMBRE 2025<\/span><\/a><\/div><\/div><\/div><script id=\"su_image_carousel_69e4df21cf5fc_script\">if(window.SUImageCarousel){setTimeout(function() {window.SUImageCarousel.initGallery(document.getElementById(\"su_image_carousel_69e4df21cf5fc\"))}, 0);}var su_image_carousel_69e4df21cf5fc_script=document.getElementById(\"su_image_carousel_69e4df21cf5fc_script\");if(su_image_carousel_69e4df21cf5fc_script){su_image_carousel_69e4df21cf5fc_script.parentNode.removeChild(su_image_carousel_69e4df21cf5fc_script);}<\/script>\n<p style=\"text-align: center;\"><a href=\"https:\/\/www.youtube.com\/@congregacionehnj\" class=\"su-button su-button-style-default\" style=\"color:#ffffff;background-color:#cc0c19;border-color:#a40a14;border-radius:10px;-moz-border-radius:10px;-webkit-border-radius:10px\" target=\"_blank\" rel=\"noopener noreferrer\"><span style=\"color:#ffffff;padding:8px 26px;font-size:20px;line-height:30px;border-color:#dc555e;border-radius:10px;-moz-border-radius:10px;-webkit-border-radius:10px;text-shadow:none;-moz-text-shadow:none;-webkit-text-shadow:none\"><i class=\"sui sui-youtube-square\" style=\"font-size:20px;color:#FFFFFF\"><\/i> Visita el Canal de Youtube de la Congregaci\u00f3n EHNJ<\/span><\/a>\n","protected":false},"excerpt":{"rendered":"","protected":false},"author":1,"featured_media":0,"parent":0,"menu_order":0,"comment_status":"closed","ping_status":"closed","template":"","meta":{"footnotes":"","_links_to":"","_links_to_target":""},"class_list":["post-1246","page","type-page","status-publish","hentry"],"_links":{"self":[{"href":"https:\/\/cnj.cl\/colegio\/wp-json\/wp\/v2\/pages\/1246","targetHints":{"allow":["GET"]}}],"collection":[{"href":"https:\/\/cnj.cl\/colegio\/wp-json\/wp\/v2\/pages"}],"about":[{"href":"https:\/\/cnj.cl\/colegio\/wp-json\/wp\/v2\/types\/page"}],"author":[{"embeddable":true,"href":"https:\/\/cnj.cl\/colegio\/wp-json\/wp\/v2\/users\/1"}],"replies":[{"embeddable":true,"href":"https:\/\/cnj.cl\/colegio\/wp-json\/wp\/v2\/comments?post=1246"}],"version-history":[{"count":62,"href":"https:\/\/cnj.cl\/colegio\/wp-json\/wp\/v2\/pages\/1246\/revisions"}],"predecessor-version":[{"id":16552,"href":"https:\/\/cnj.cl\/colegio\/wp-json\/wp\/v2\/pages\/1246\/revisions\/16552"}],"wp:attachment":[{"href":"https:\/\/cnj.cl\/colegio\/wp-json\/wp\/v2\/media?parent=1246"}],"curies":[{"name":"wp","href":"https:\/\/api.w.org\/{rel}","templated":true}]}}