{"id":32013,"date":"2026-02-07T21:29:25","date_gmt":"2026-02-07T21:29:25","guid":{"rendered":"https:\/\/cnj.cl\/web\/?page_id=32013"},"modified":"2026-02-28T16:52:07","modified_gmt":"2026-02-28T16:52:07","slug":"c-hnas-del-nino-jesus","status":"publish","type":"page","link":"https:\/\/cnj.cl\/web\/c-hnas-del-nino-jesus\/","title":{"rendered":"C.HNAS. DEL NI\u00d1O JES\u00daS"},"content":{"rendered":"<div class=\"wpb-content-wrapper\"><p>[vc_row][vc_column][vc_single_image image=&#8221;33128&#8243; img_size=&#8221;full&#8221; alignment=&#8221;center&#8221; style=&#8221;vc_box_border&#8221; css_animation=&#8221;fadeIn&#8221; css=&#8221;&#8221;][\/vc_column][\/vc_row][vc_row][vc_column width=&#8221;1\/4&#8243;][vc_cta h2=&#8221;Congregaci\u00f3n Hnas. del Ni\u00f1o Jes\u00fas&#8221; txt_align=&#8221;center&#8221; style=&#8221;3d&#8221; add_button=&#8221;bottom&#8221; btn_title=&#8221;Ver&#8221; btn_style=&#8221;outline&#8221; btn_color=&#8221;blue&#8221; btn_size=&#8221;xs&#8221; btn_align=&#8221;center&#8221; btn_i_icon_fontawesome=&#8221;fa fa-solid fa-circle-arrow-right&#8221; add_icon=&#8221;top&#8221; i_icon_fontawesome=&#8221;fa fa-solid fa-book-bible&#8221; i_background_style=&#8221;boxed&#8221; i_background_color=&#8221;white&#8221; css_animation=&#8221;fadeIn&#8221; css=&#8221;&#8221; btn_add_icon=&#8221;true&#8221; i_on_border=&#8221;true&#8221; btn_link=&#8221;url:https%3A%2F%2Fcnj.cl%2Fweb%2Fc-hnas-del-nino-jesus%2Fhistoria-de-la-congregacion-hnas-del-nino-jesus%2F&#8221;][\/vc_cta][\/vc_column][vc_column width=&#8221;1\/4&#8243;][vc_cta h2=&#8221;Biograf\u00eda de Ana Mar\u00eda Martel&#8221; txt_align=&#8221;center&#8221; style=&#8221;3d&#8221; color=&#8221;grey&#8221; add_button=&#8221;bottom&#8221; btn_title=&#8221;Ver&#8221; btn_style=&#8221;outline&#8221; btn_color=&#8221;juicy-pink&#8221; btn_size=&#8221;xs&#8221; btn_align=&#8221;center&#8221; btn_i_icon_fontawesome=&#8221;fa fa-solid fa-circle-arrow-right&#8221; add_icon=&#8221;top&#8221; i_icon_fontawesome=&#8221;fa fa-solid fa-hands-praying&#8221; i_background_style=&#8221;boxed&#8221; i_background_color=&#8221;white&#8221; css_animation=&#8221;fadeIn&#8221; css=&#8221;&#8221; btn_add_icon=&#8221;true&#8221; i_on_border=&#8221;true&#8221; btn_link=&#8221;url:https%3A%2F%2Fcnj.cl%2Fweb%2Fc-hnas-del-nino-jesus%2Fbiografia-ana-maria-martel%2F&#8221;][\/vc_cta][\/vc_column][vc_column width=&#8221;1\/4&#8243;][vc_cta h2=&#8221;Canciones de Ana Mar\u00eda Martel&#8221; txt_align=&#8221;center&#8221; style=&#8221;3d&#8221; color=&#8221;grey&#8221; add_button=&#8221;bottom&#8221; btn_title=&#8221;Ver&#8221; btn_style=&#8221;outline&#8221; btn_color=&#8221;juicy-pink&#8221; btn_size=&#8221;xs&#8221; btn_align=&#8221;center&#8221; btn_i_icon_fontawesome=&#8221;fa fa-solid fa-circle-arrow-right&#8221; add_icon=&#8221;top&#8221; i_icon_fontawesome=&#8221;fa fa-solid fa-music&#8221; i_background_style=&#8221;boxed&#8221; i_background_color=&#8221;white&#8221; css_animation=&#8221;fadeIn&#8221; css=&#8221;&#8221; btn_add_icon=&#8221;true&#8221; i_on_border=&#8221;true&#8221; btn_link=&#8221;url:https%3A%2F%2Fcnj.cl%2Fcolegio%2Fwp-content%2Fuploads%2F2022%2F07%2FCANCIONES-Ana-Maria-Martel.pdf|target:_blank&#8221;][\/vc_cta][\/vc_column][vc_column width=&#8221;1\/4&#8243;][vc_cta h2=&#8221;Selecci\u00f3n de frases c\u00e9lebres de Ana Mar\u00eda Martel&#8221; txt_align=&#8221;center&#8221; style=&#8221;3d&#8221; color=&#8221;grey&#8221; add_button=&#8221;bottom&#8221; btn_title=&#8221;Ver&#8221; btn_style=&#8221;outline&#8221; btn_color=&#8221;juicy-pink&#8221; btn_size=&#8221;xs&#8221; btn_align=&#8221;center&#8221; btn_i_icon_fontawesome=&#8221;fa fa-solid fa-circle-arrow-right&#8221; add_icon=&#8221;top&#8221; i_icon_fontawesome=&#8221;fa fa-solid fa-pen-nib&#8221; i_background_style=&#8221;boxed&#8221; i_background_color=&#8221;white&#8221; css_animation=&#8221;fadeIn&#8221; css=&#8221;&#8221; btn_add_icon=&#8221;true&#8221; i_on_border=&#8221;true&#8221; btn_link=&#8221;url:https%3A%2F%2Fcnj.cl%2Fweb%2Fc-hnas-del-nino-jesus%2Ffrases-celebres-ana-maria-martel%2F&#8221;][\/vc_cta][\/vc_column][\/vc_row][vc_row][vc_column width=&#8221;1\/3&#8243;][vc_cta h2=&#8221;Selecci\u00f3n de Poemas&#8221; txt_align=&#8221;center&#8221; style=&#8221;3d&#8221; color=&#8221;grey&#8221; add_button=&#8221;bottom&#8221; btn_title=&#8221;Ver&#8221; btn_style=&#8221;outline&#8221; btn_color=&#8221;juicy-pink&#8221; btn_size=&#8221;xs&#8221; btn_align=&#8221;center&#8221; btn_i_icon_fontawesome=&#8221;fa fa-solid fa-circle-arrow-right&#8221; add_icon=&#8221;top&#8221; i_icon_fontawesome=&#8221;fa fa-solid fa-feather-pointed&#8221; i_background_style=&#8221;boxed&#8221; i_background_color=&#8221;white&#8221; css_animation=&#8221;fadeIn&#8221; css=&#8221;&#8221; btn_add_icon=&#8221;true&#8221; i_on_border=&#8221;true&#8221; btn_link=&#8221;url:https%3A%2F%2Fcnj.cl%2Fweb%2Fc-hnas-del-nino-jesus%2Fpoemas%2F&#8221;][\/vc_cta][\/vc_column][vc_column width=&#8221;1\/3&#8243;][vc_cta h2=&#8221;Oraciones&#8221; txt_align=&#8221;center&#8221; style=&#8221;3d&#8221; color=&#8221;grey&#8221; add_button=&#8221;bottom&#8221; btn_title=&#8221;Ver&#8221; btn_style=&#8221;outline&#8221; btn_color=&#8221;juicy-pink&#8221; btn_size=&#8221;xs&#8221; btn_align=&#8221;center&#8221; btn_i_icon_fontawesome=&#8221;fa fa-solid fa-circle-arrow-right&#8221; add_icon=&#8221;top&#8221; i_icon_fontawesome=&#8221;fa fa-solid fa-person-praying&#8221; i_background_style=&#8221;boxed&#8221; i_background_color=&#8221;white&#8221; css_animation=&#8221;fadeIn&#8221; css=&#8221;&#8221; btn_add_icon=&#8221;true&#8221; i_on_border=&#8221;true&#8221; btn_link=&#8221;url:https%3A%2F%2Fcnj.cl%2Fweb%2Fc-hnas-del-nino-jesus%2Foraciones%2F&#8221;][\/vc_cta][\/vc_column][vc_column width=&#8221;1\/3&#8243;][vc_cta h2=&#8221;Videos&#8221; txt_align=&#8221;center&#8221; style=&#8221;3d&#8221; color=&#8221;grey&#8221; add_button=&#8221;bottom&#8221; btn_title=&#8221;Ver&#8221; btn_style=&#8221;outline&#8221; btn_color=&#8221;juicy-pink&#8221; btn_size=&#8221;xs&#8221; btn_align=&#8221;center&#8221; btn_i_icon_fontawesome=&#8221;fa fa-solid fa-circle-arrow-right&#8221; add_icon=&#8221;top&#8221; i_icon_fontawesome=&#8221;fa fa-solid fa-video&#8221; i_background_style=&#8221;boxed&#8221; i_background_color=&#8221;white&#8221; css_animation=&#8221;fadeIn&#8221; css=&#8221;&#8221; btn_add_icon=&#8221;true&#8221; i_on_border=&#8221;true&#8221; btn_link=&#8221;url:https%3A%2F%2Fcnj.cl%2Fweb%2Fc-hnas-del-nino-jesus%2Fvideos%2F&#8221;][\/vc_cta][\/vc_column][\/vc_row]<\/p>\n<\/div>","protected":false},"excerpt":{"rendered":"<p>[vc_row][vc_column][vc_single_image image=&#8221;33128&#8243; img_size=&#8221;full&#8221; alignment=&#8221;center&#8221; style=&#8221;vc_box_border&#8221; css_animation=&#8221;fadeIn&#8221; css=&#8221;&#8221;][\/vc_column][\/vc_row][vc_row][vc_column width=&#8221;1\/4&#8243;][vc_cta h2=&#8221;Congregaci\u00f3n Hnas. del Ni\u00f1o Jes\u00fas&#8221; txt_align=&#8221;center&#8221; style=&#8221;3d&#8221; add_button=&#8221;bottom&#8221; btn_title=&#8221;Ver&#8221; btn_style=&#8221;outline&#8221; btn_color=&#8221;blue&#8221; btn_size=&#8221;xs&#8221;<\/p>\n","protected":false},"author":1,"featured_media":0,"parent":0,"menu_order":0,"comment_status":"closed","ping_status":"closed","template":"","meta":{"footnotes":"","_links_to":"","_links_to_target":""},"class_list":["post-32013","page","type-page","status-publish","hentry"],"_links":{"self":[{"href":"https:\/\/cnj.cl\/web\/wp-json\/wp\/v2\/pages\/32013","targetHints":{"allow":["GET"]}}],"collection":[{"href":"https:\/\/cnj.cl\/web\/wp-json\/wp\/v2\/pages"}],"about":[{"href":"https:\/\/cnj.cl\/web\/wp-json\/wp\/v2\/types\/page"}],"author":[{"embeddable":true,"href":"https:\/\/cnj.cl\/web\/wp-json\/wp\/v2\/users\/1"}],"replies":[{"embeddable":true,"href":"https:\/\/cnj.cl\/web\/wp-json\/wp\/v2\/comments?post=32013"}],"version-history":[{"count":57,"href":"https:\/\/cnj.cl\/web\/wp-json\/wp\/v2\/pages\/32013\/revisions"}],"predecessor-version":[{"id":33134,"href":"https:\/\/cnj.cl\/web\/wp-json\/wp\/v2\/pages\/32013\/revisions\/33134"}],"wp:attachment":[{"href":"https:\/\/cnj.cl\/web\/wp-json\/wp\/v2\/media?parent=32013"}],"curies":[{"name":"wp","href":"https:\/\/api.w.org\/{rel}","templated":true}]}}