{"id":32404,"date":"2026-02-13T21:02:14","date_gmt":"2026-02-13T21:02:14","guid":{"rendered":"https:\/\/cnj.cl\/web\/?page_id=32404"},"modified":"2026-02-23T15:00:42","modified_gmt":"2026-02-23T15:00:42","slug":"nuestro-himno","status":"publish","type":"page","link":"https:\/\/cnj.cl\/web\/home-medical\/quienes-somos\/nuestro-himno\/","title":{"rendered":"Nuestro Himno"},"content":{"rendered":"\r\n<div class=\"wp-block-columns is-layout-flex wp-container-core-columns-is-layout-9d6595d7 wp-block-columns-is-layout-flex\">\r\n<div class=\"wp-block-column is-layout-flow wp-block-column-is-layout-flow\">\r\n<p style=\"text-align: center;\"><img loading=\"lazy\" decoding=\"async\" class=\"aligncenter size-full wp-image-1301\" src=\"https:\/\/cnj.cl\/colegio\/wp-content\/uploads\/2021\/12\/speaker-2488096_960_720.png\" alt=\"\" width=\"80\" height=\"80\" \/>Puedes escuchar el himno ac\u00e1<\/p>\r\n\r\n\r\n\r\n<figure class=\"wp-block-audio\"><audio src=\"https:\/\/cnj.cl\/colegio\/wp-content\/uploads\/2021\/11\/Himno_Insitucional_Ni_o_Jesus_Lota_-2.mp3\" controls=\"controls\"><\/audio><\/figure>\r\n<\/div>\r\n\r\n\r\n\r\n<div class=\"wp-block-column is-layout-flow wp-block-column-is-layout-flow\"><header class=\"entry-header\"><header class=\"entry-header\">\r\n<h1 class=\"entry-title\">Himno del colegio Ni\u00f1o Jes\u00fas<\/h1>\r\n<\/header>\r\n<div class=\"entry-content\">\r\n<p>COMPA\u00d1EROS MARCHEMOS UNIDOS<br \/>DEL SABER CAMINEMOS EN POS<br \/>SERVIREMOS MA\u00d1ANA EN LA VIDA<br \/>AL HOGAR, A LA PATRIA Y A DIOS (bis).<\/p>\r\n<p>ILUMINA CUAL SOL REFULGENTE<br \/>COMPA\u00d1EROS DEL NI\u00d1O JES\u00daS<br \/>ESTE HOGAR QUE DERRAMA EN LA MENTE<br \/>DE NOSOTROS SU DI\u00c1FANA LUZ. (bis)<\/p>\r\n<p>EN SUS AULAS HAY PAZ VERDADERA<br \/>NOS INUNDA DE GRAN FRENESI<br \/>LA DOCTRINA DE AQUEL QUE DIJERA<br \/>QUE LOS NI\u00d1OS SE ACERQUEN A MI. (bis)<\/p>\r\n<p>NOS TRASNFORMA EN SU TIERRA ESCOGIDA<br \/>POR UN CIELO DE ROSA Y SAFIR<br \/>NOS SE\u00d1ALA TAMBIEN EN LA VIDA<br \/>EL CAMINO QUE VA AL PORVENIR. (bis)\u00a0<\/p>\r\n<\/div>\r\n<\/header><\/div>\r\n<\/div>","protected":false},"excerpt":{"rendered":"<p>Puedes escuchar el himno ac\u00e1 Himno del colegio Ni\u00f1o Jes\u00fas COMPA\u00d1EROS MARCHEMOS UNIDOSDEL SABER CAMINEMOS EN POSSERVIREMOS MA\u00d1ANA EN LA<\/p>\n","protected":false},"author":1,"featured_media":0,"parent":32399,"menu_order":0,"comment_status":"closed","ping_status":"closed","template":"","meta":{"footnotes":"","_links_to":"","_links_to_target":""},"class_list":["post-32404","page","type-page","status-publish","hentry"],"_links":{"self":[{"href":"https:\/\/cnj.cl\/web\/wp-json\/wp\/v2\/pages\/32404","targetHints":{"allow":["GET"]}}],"collection":[{"href":"https:\/\/cnj.cl\/web\/wp-json\/wp\/v2\/pages"}],"about":[{"href":"https:\/\/cnj.cl\/web\/wp-json\/wp\/v2\/types\/page"}],"author":[{"embeddable":true,"href":"https:\/\/cnj.cl\/web\/wp-json\/wp\/v2\/users\/1"}],"replies":[{"embeddable":true,"href":"https:\/\/cnj.cl\/web\/wp-json\/wp\/v2\/comments?post=32404"}],"version-history":[{"count":3,"href":"https:\/\/cnj.cl\/web\/wp-json\/wp\/v2\/pages\/32404\/revisions"}],"predecessor-version":[{"id":32500,"href":"https:\/\/cnj.cl\/web\/wp-json\/wp\/v2\/pages\/32404\/revisions\/32500"}],"up":[{"embeddable":true,"href":"https:\/\/cnj.cl\/web\/wp-json\/wp\/v2\/pages\/32399"}],"wp:attachment":[{"href":"https:\/\/cnj.cl\/web\/wp-json\/wp\/v2\/media?parent=32404"}],"curies":[{"name":"wp","href":"https:\/\/api.w.org\/{rel}","templated":true}]}}