{"id":32445,"date":"2026-02-13T21:27:49","date_gmt":"2026-02-13T21:27:49","guid":{"rendered":"https:\/\/cnj.cl\/web\/?page_id=32445"},"modified":"2026-02-23T15:14:12","modified_gmt":"2026-02-23T15:14:12","slug":"unidad-tecnico-pedagogica","status":"publish","type":"page","link":"https:\/\/cnj.cl\/web\/estamentos\/utp\/unidad-tecnico-pedagogica\/","title":{"rendered":"Unidad T\u00e9cnico Pedag\u00f3gica"},"content":{"rendered":"<p style=\"text-align: justify;\"><strong>La Unidad t\u00e9cnico Pedag\u00f3gica <\/strong>del<strong> Colegio Ni\u00f1o Jes\u00fas<\/strong>, es un organismo que tiene como objetivo acompa\u00f1ar, conducir y animar el proceso pedag\u00f3gico y curricular del colegio, junto con\u00a0 la generaci\u00f3n de procesos de aprendizajes en los estudiantes. Del mismo modo, acompa\u00f1a el quehacer profesional de los docentes de nuestra instituci\u00f3n.<\/p>\n<p style=\"text-align: justify;\">Como organismo T\u00e9cnico Pedag\u00f3gico, la <strong>U.T.P.<\/strong> trabaja en estrecha colaboraci\u00f3n con la Direcci\u00f3n del colegio, el Equipo T\u00e9cnico Pedag\u00f3gico, compuesto por las Coordinaciones de Ciclo, Coordinadora PIE, Encargada de Pre Escolar, Encargada de PME-CRA y con las docentes que prestan apoyo pedag\u00f3gico en Evaluaci\u00f3n y SIMCE. Tambi\u00e9n desarrolla un trabajo con el Departamento de Orientaci\u00f3n. Es as\u00ed como en conjunto, buscan la manera de generar y articular un proceso de acompa\u00f1amiento al estudiante, que tenga como consecuencia un pleno desarrollo humano, psico-espiritual, cognitivo y val\u00f3rico.<\/p>\n<p style=\"text-align: justify;\">Para ejecutar de manera eficaz lo se\u00f1alado anteriormente y lograr resultados \u00f3ptimos, la cobertura curricular, una adecuada planificaci\u00f3n de la ense\u00f1anza, la gesti\u00f3n curricular y de aula, son agentes fundamentales para asegurar la calidad de la educaci\u00f3n que el colegio ofrece.<\/p>\n<p style=\"text-align: justify;\">Cabe destacar tambi\u00e9n, que la Unidad T\u00e9cnica trabaja mancomunadamente con la Encargada del PME, ente responsable de los talleres escolares de libre elecci\u00f3n que el colegio ofrece a los estudiantes para su desarrollo y formaci\u00f3n acad\u00e9mica integral. Lo anterior, propicia un espacio de crecimiento y maduraci\u00f3n en todo lo que tiene\u00a0 relaci\u00f3n con el valor del Amor, Respeto, Solidaridad, Servicio, Responsabilidad e identidad, presentes en el Proyecto Educativo Institucional de nuestro colegio.<\/p>\n<p style=\"text-align: justify;\">Nuestra propuesta curricular tiene una acentuaci\u00f3n acad\u00e9mica importante, pero integra arm\u00f3nicamente las diversas \u00e1reas del conocimiento, las artes y la cultura. Junto con lo anterior, podemos destacar la fuerte impronta evang\u00e9lica que, desde la espiritualidad de la Encarnaci\u00f3n, que promueven las Hermanas del Ni\u00f1o Jes\u00fas, son dimensiones caracter\u00edsticas y distintivas de nuestra comunidad educativa. Es por ello que el curr\u00edculum se articula desde la \u00f3ptica de la fe, en comuni\u00f3n con los lineamientos de la Iglesia, logrando as\u00ed, una integraci\u00f3n de diversos elementos que dan origen a una concepci\u00f3n curricular humanista.<\/p>\n<p style=\"text-align: justify;\">El Curr\u00edculum de nuestro colegio est\u00e1 en sinton\u00eda y se ajusta a los planes y programas del Ministerio de Educaci\u00f3n y a las orientaciones curriculares que emanan desde el Ministerio, hacia las comunidades educativas existentes en nuestra naci\u00f3n. Es por ello, que desde la \u00f3ptica de las orientaciones curriculares que el MINEDUC promueve, nos parece importante destacar que <em>&lt;&lt;<\/em><em> La educaci\u00f3n debe ofrecer a todos los ni\u00f1os y j\u00f3venes de ambos sexos, la posibilidad de desarrollarse como personas libres, con conciencia de su propia dignidad y como sujetos de derechos. Asimismo, la educaci\u00f3n debe contribuir a forjar en ellos el car\u00e1cter moral regido por el amor, la solidaridad, la tolerancia, la verdad, la justicia, la belleza, el sentido de nacionalidad y el af\u00e1n de trascendencia personal. El individualismo extremo, que podr\u00eda resultar de un ejercicio ilimitado de la libertad personal, es moderado por imperativos que brotan de un conjunto de valores que llevan a la persona a compartir con otros los frutos de una libertad que humaniza y se abre a las exigencias del bien com\u00fan&gt;&gt;<\/em>.<\/p>\n","protected":false},"excerpt":{"rendered":"<p>La Unidad t\u00e9cnico Pedag\u00f3gica del Colegio Ni\u00f1o Jes\u00fas, es un organismo que tiene como objetivo acompa\u00f1ar, conducir y animar el<\/p>\n","protected":false},"author":1,"featured_media":0,"parent":32443,"menu_order":0,"comment_status":"closed","ping_status":"closed","template":"","meta":{"footnotes":"","_links_to":"","_links_to_target":""},"class_list":["post-32445","page","type-page","status-publish","hentry"],"_links":{"self":[{"href":"https:\/\/cnj.cl\/web\/wp-json\/wp\/v2\/pages\/32445","targetHints":{"allow":["GET"]}}],"collection":[{"href":"https:\/\/cnj.cl\/web\/wp-json\/wp\/v2\/pages"}],"about":[{"href":"https:\/\/cnj.cl\/web\/wp-json\/wp\/v2\/types\/page"}],"author":[{"embeddable":true,"href":"https:\/\/cnj.cl\/web\/wp-json\/wp\/v2\/users\/1"}],"replies":[{"embeddable":true,"href":"https:\/\/cnj.cl\/web\/wp-json\/wp\/v2\/comments?post=32445"}],"version-history":[{"count":2,"href":"https:\/\/cnj.cl\/web\/wp-json\/wp\/v2\/pages\/32445\/revisions"}],"predecessor-version":[{"id":32613,"href":"https:\/\/cnj.cl\/web\/wp-json\/wp\/v2\/pages\/32445\/revisions\/32613"}],"up":[{"embeddable":true,"href":"https:\/\/cnj.cl\/web\/wp-json\/wp\/v2\/pages\/32443"}],"wp:attachment":[{"href":"https:\/\/cnj.cl\/web\/wp-json\/wp\/v2\/media?parent=32445"}],"curies":[{"name":"wp","href":"https:\/\/api.w.org\/{rel}","templated":true}]}}