{"id":33377,"date":"2026-03-13T17:27:10","date_gmt":"2026-03-13T17:27:10","guid":{"rendered":"https:\/\/cnj.cl\/web\/?page_id=33377"},"modified":"2026-03-13T17:42:00","modified_gmt":"2026-03-13T17:42:00","slug":"mensaje-direccion-ano-escolar-2026","status":"publish","type":"page","link":"https:\/\/cnj.cl\/web\/home-medical\/mensaje-direccion-ano-escolar-2026\/","title":{"rendered":"MENSAJE DIRECCI\u00d3N A\u00d1O ESCOLAR 2026"},"content":{"rendered":"<div class=\"wpb-content-wrapper\"><p>[vc_row][vc_column][vc_column_text css=&#8221;&#8221;]<\/p>\n<div id=\"attachment_33387\" style=\"width: 410px\" class=\"wp-caption alignleft\"><img loading=\"lazy\" decoding=\"async\" aria-describedby=\"caption-attachment-33387\" class=\"wp-image-33387 size-full\" src=\"https:\/\/cnj.cl\/web\/wp-content\/uploads\/2026\/03\/RECTOR-2.jpg\" alt=\"\" width=\"400\" height=\"430\" srcset=\"https:\/\/cnj.cl\/web\/wp-content\/uploads\/2026\/03\/RECTOR-2.jpg 400w, https:\/\/cnj.cl\/web\/wp-content\/uploads\/2026\/03\/RECTOR-2-279x300.jpg 279w\" sizes=\"auto, (max-width: 400px) 100vw, 400px\" \/><p id=\"caption-attachment-33387\" class=\"wp-caption-text\">Sr. \u00d3scar B\u00f3rquez L\u00f3pez \u2013 Director<\/p><\/div>\n<p style=\"text-align: justify;\"><strong>\u00a1BIENVENIDOS AL A\u00d1O ESCOLAR 2026!<\/strong><\/p>\n<p style=\"text-align: justify;\"><strong>Estimada Comunidad Educativa del Colegio Ni\u00f1o Jes\u00fas:<\/strong><\/p>\n<p style=\"text-align: justify;\">\u00a0\u00a0\u00a0\u00a0\u00a0\u00a0\u00a0\u00a0\u00a0\u00a0\u00a0 Al iniciar este nuevo a\u00f1o escolar 2026, les saludo con la alegr\u00eda y la esperanza de renovar nuestro compromiso con la misi\u00f3n de evangelizar y educar en nuestra querida comuna de Lota.<\/p>\n<p style=\"text-align: justify;\">\u00a0\u00a0\u00a0\u00a0\u00a0\u00a0\u00a0\u00a0\u00a0\u00a0\u00a0 Gestionar nuestro colegio, con su trayectoria centenaria que inici\u00f3 el 2 de febrero de 1918, es como <strong>mantener encendida una l\u00e1mpara en las minas de Lota<\/strong>: no solo iluminamos el camino del conocimiento, sino que buscamos animar el coraz\u00f3n con la fe, guiados por la luz del misterio de la Encarnaci\u00f3n.<\/p>\n<p style=\"text-align: justify;\">\u00a0\u00a0\u00a0\u00a0\u00a0\u00a0\u00a0\u00a0\u00a0\u00a0\u00a0 Quiero dar un <strong>saludo especialmente afectuoso a las nuevas familias<\/strong> que se integran este a\u00f1o a nuestro Proyecto Educativo Institucional (PEI). Les agradecemos profundamente la confianza depositada en nuestra instituci\u00f3n; al elegirnos, se hacen parte de este sue\u00f1o de la Congregaci\u00f3n de las Hermanas del Ni\u00f1o Jes\u00fas que busca promover el desarrollo integral de las capacidades afectivas, sociales, intelectuales y espirituales de sus hijos e hijas.<\/p>\n<p style=\"text-align: justify;\">\u00a0\u00a0\u00a0\u00a0\u00a0\u00a0\u00a0\u00a0\u00a0\u00a0\u00a0 Los invito a vivir este 2026 <strong>confiados en Jes\u00fas<\/strong>, abrazando con entusiasmo el carisma y la espiritualidad de nuestra congregaci\u00f3n, cuyo eje es <strong>&#8220;despertar y profundizar la fe&#8221;<\/strong>. Siguiendo las huellas de nuestra fundadora, Ana Mar\u00eda Martel, queremos ser una presencia de amor a Dios y a los hermanos, construyendo una comunidad fraterna donde cada estudiante sea el protagonista de su aprendizaje.<\/p>\n<p style=\"text-align: justify;\">\u00a0\u00a0\u00a0\u00a0\u00a0\u00a0\u00a0\u00a0\u00a0\u00a0\u00a0 Nuestro anhelo es ofrecerles una <strong>experiencia pedag\u00f3gica y formativa cautivadora<\/strong>, sustentada en nuestros sellos de <strong>espiritualidad, sentido de pertenencia y altas expectativas acad\u00e9micas<\/strong>. Trabajaremos arduamente para que este a\u00f1o rinda frutos no solo en lo intelectual, mediante una ense\u00f1anza motivadora y exigente, sino tambi\u00e9n en lo acad\u00e9mico y val\u00f3rico, formando personas competentes y profundamente humanas.<\/p>\n<p style=\"text-align: justify;\">\u00a0\u00a0\u00a0\u00a0\u00a0\u00a0\u00a0\u00a0\u00a0\u00a0\u00a0 Que los valores del amor, el respeto, la responsabilidad y la alegr\u00eda gu\u00eden cada una de nuestras acciones en el aula y en la convivencia diaria.<\/p>\n<p style=\"text-align: justify;\">\u00a0\u00a0\u00a0\u00a0\u00a0\u00a0\u00a0\u00a0\u00a0\u00a0\u00a0 Juntos, familias y educadores, continuaremos forjando el camino para que nuestros estudiantes puedan cumplir nuestra visi\u00f3n institucional: <strong>&#8220;servir ma\u00f1ana en la vida, al hogar, a la patria y a Dios&#8221;<\/strong>.<\/p>\n<p style=\"text-align: justify;\">Bienvenidos al a\u00f1o escolar 2026. Que la bendici\u00f3n del Ni\u00f1o Jes\u00fas, por intercesi\u00f3n de Ana Mar\u00eda Martel, acompa\u00f1e a cada uno de sus hogares.<\/p>\n<p style=\"text-align: justify;\">Fraternalmente,<\/p>\n<p style=\"text-align: justify;\"><strong>\u00d3scar B\u00f3rquez L\u00f3pez<\/strong><\/p>\n<p style=\"text-align: justify;\">Director Colegio Ni\u00f1o Jes\u00fas de Lota<\/p>\n<p>[\/vc_column_text][\/vc_column][\/vc_row]<\/p>\n<\/div>","protected":false},"excerpt":{"rendered":"<p>[vc_row][vc_column][vc_column_text css=&#8221;&#8221;] \u00a1BIENVENIDOS AL A\u00d1O ESCOLAR 2026! Estimada Comunidad Educativa del Colegio Ni\u00f1o Jes\u00fas: \u00a0\u00a0\u00a0\u00a0\u00a0\u00a0\u00a0\u00a0\u00a0\u00a0\u00a0 Al iniciar este nuevo a\u00f1o<\/p>\n","protected":false},"author":1,"featured_media":0,"parent":1147,"menu_order":0,"comment_status":"closed","ping_status":"closed","template":"","meta":{"footnotes":"","_links_to":"","_links_to_target":""},"class_list":["post-33377","page","type-page","status-publish","hentry"],"_links":{"self":[{"href":"https:\/\/cnj.cl\/web\/wp-json\/wp\/v2\/pages\/33377","targetHints":{"allow":["GET"]}}],"collection":[{"href":"https:\/\/cnj.cl\/web\/wp-json\/wp\/v2\/pages"}],"about":[{"href":"https:\/\/cnj.cl\/web\/wp-json\/wp\/v2\/types\/page"}],"author":[{"embeddable":true,"href":"https:\/\/cnj.cl\/web\/wp-json\/wp\/v2\/users\/1"}],"replies":[{"embeddable":true,"href":"https:\/\/cnj.cl\/web\/wp-json\/wp\/v2\/comments?post=33377"}],"version-history":[{"count":5,"href":"https:\/\/cnj.cl\/web\/wp-json\/wp\/v2\/pages\/33377\/revisions"}],"predecessor-version":[{"id":33389,"href":"https:\/\/cnj.cl\/web\/wp-json\/wp\/v2\/pages\/33377\/revisions\/33389"}],"up":[{"embeddable":true,"href":"https:\/\/cnj.cl\/web\/wp-json\/wp\/v2\/pages\/1147"}],"wp:attachment":[{"href":"https:\/\/cnj.cl\/web\/wp-json\/wp\/v2\/media?parent=33377"}],"curies":[{"name":"wp","href":"https:\/\/api.w.org\/{rel}","templated":true}]}}